{"id":371,"date":"2025-04-21T14:19:34","date_gmt":"2025-04-21T14:19:34","guid":{"rendered":"https:\/\/www.kerkkojarvi.fi\/?page_id=371"},"modified":"2025-04-21T15:26:37","modified_gmt":"2025-04-21T15:26:37","slug":"me-in-media","status":"publish","type":"page","link":"https:\/\/www.kerkkojarvi.fi\/index.php\/me-in-media\/","title":{"rendered":"Me in media"},"content":{"rendered":"\n<div class=\"wp-block-media-text is-stacked-on-mobile\"><figure class=\"wp-block-media-text__media\"><img fetchpriority=\"high\" decoding=\"async\" width=\"1024\" height=\"873\" src=\"http:\/\/www.kerkkojarvi.fi\/wp-content\/uploads\/2024\/11\/Riad-2024-II-1-1024x873.jpg\" alt=\"\" class=\"wp-image-160 size-full\" srcset=\"https:\/\/www.kerkkojarvi.fi\/wp-content\/uploads\/2024\/11\/Riad-2024-II-1-1024x873.jpg 1024w, https:\/\/www.kerkkojarvi.fi\/wp-content\/uploads\/2024\/11\/Riad-2024-II-1-300x256.jpg 300w, https:\/\/www.kerkkojarvi.fi\/wp-content\/uploads\/2024\/11\/Riad-2024-II-1-768x655.jpg 768w, https:\/\/www.kerkkojarvi.fi\/wp-content\/uploads\/2024\/11\/Riad-2024-II-1-1536x1310.jpg 1536w, https:\/\/www.kerkkojarvi.fi\/wp-content\/uploads\/2024\/11\/Riad-2024-II-1.jpg 2048w\" sizes=\"(max-width: 1024px) 100vw, 1024px\" \/><\/figure><div class=\"wp-block-media-text__content\">\n<p>&#8221;Kerkko J\u00e4rvi miekkaili tiistaina upeasti kuudenneksi U17 kalvassa Saudi Arabian Riadissa. Suomalainen voitti nelj\u00e4 ensimm\u00e4ist\u00e4 pudotusotteluaan ennen viimeisen piston tappiota puoliv\u00e4lier\u00e4ss\u00e4 yhdysvaltalaisvastustajalleen.&#8221;<\/p>\n\n\n\n<p><a href=\"https:\/\/www.fencing-pentathlon.fi\/media\/lehdistotiedotteet\/miekkailu-kerkko-jarvi-miekkaili-upeasti-mm-kuutoseksi\/\">Kerkko J\u00e4rvi miekkaili upeasti MM-kuutokseksi<\/a><\/p>\n<\/div><\/div>\n\n\n\n<div class=\"wp-block-media-text has-media-on-the-right is-stacked-on-mobile\"><div class=\"wp-block-media-text__content\">\n<p>In Krakow, Poland, the\u00a0 Cadet&#8217;s Circuit for epee witnessed intense battles in both individual and team events. <strong><em>The men&#8217;s epee individual category showcased exceptional talent, with Finland&#8217;s Jarvi Kerkko clinching the gold medal,<\/em><\/strong> followed closely by Ukraine&#8217;s Gula Maksym in second place. The bronze medal was shared by Switzerland&#8217;s Squieri Juliano Nicola and Italy&#8217;s Gera Riccardo. <\/p>\n\n\n\n<p><a href=\"https:\/\/www.eurofencing.info\/news\/a-recap-of-cadet-circuits-n491043.htm\">A Recap of Cadet Circuits 14.2.2024<\/a><\/p>\n<\/div><figure class=\"wp-block-media-text__media\"><img decoding=\"async\" width=\"768\" height=\"1024\" src=\"http:\/\/www.kerkkojarvi.fi\/wp-content\/uploads\/2025\/04\/IMG_5809-768x1024.jpeg\" alt=\"\" class=\"wp-image-316 size-full\" srcset=\"https:\/\/www.kerkkojarvi.fi\/wp-content\/uploads\/2025\/04\/IMG_5809-768x1024.jpeg 768w, https:\/\/www.kerkkojarvi.fi\/wp-content\/uploads\/2025\/04\/IMG_5809-225x300.jpeg 225w, https:\/\/www.kerkkojarvi.fi\/wp-content\/uploads\/2025\/04\/IMG_5809-1152x1536.jpeg 1152w, https:\/\/www.kerkkojarvi.fi\/wp-content\/uploads\/2025\/04\/IMG_5809-45x60.jpeg 45w, https:\/\/www.kerkkojarvi.fi\/wp-content\/uploads\/2025\/04\/IMG_5809.jpeg 1536w\" sizes=\"(max-width: 768px) 100vw, 768px\" \/><\/figure><\/div>\n\n\n\n<div class=\"wp-block-media-text is-stacked-on-mobile\"><figure class=\"wp-block-media-text__media\"><img decoding=\"async\" width=\"768\" height=\"1024\" src=\"http:\/\/www.kerkkojarvi.fi\/wp-content\/uploads\/2025\/04\/491950d7-d9cc-4ca7-ac35-fdb7a1925b3f-768x1024.jpeg\" alt=\"\" class=\"wp-image-336 size-full\" srcset=\"https:\/\/www.kerkkojarvi.fi\/wp-content\/uploads\/2025\/04\/491950d7-d9cc-4ca7-ac35-fdb7a1925b3f-768x1024.jpeg 768w, https:\/\/www.kerkkojarvi.fi\/wp-content\/uploads\/2025\/04\/491950d7-d9cc-4ca7-ac35-fdb7a1925b3f-225x300.jpeg 225w, https:\/\/www.kerkkojarvi.fi\/wp-content\/uploads\/2025\/04\/491950d7-d9cc-4ca7-ac35-fdb7a1925b3f-1152x1536.jpeg 1152w, https:\/\/www.kerkkojarvi.fi\/wp-content\/uploads\/2025\/04\/491950d7-d9cc-4ca7-ac35-fdb7a1925b3f-45x60.jpeg 45w, https:\/\/www.kerkkojarvi.fi\/wp-content\/uploads\/2025\/04\/491950d7-d9cc-4ca7-ac35-fdb7a1925b3f.jpeg 1500w\" sizes=\"(max-width: 768px) 100vw, 768px\" \/><\/figure><div class=\"wp-block-media-text__content\">\n<p>The recent Epee Cadet Circuit held in Copenhagen, Denmark, witnessed a remarkable display of competitiveness, as a staggering total of 432 fencers vied for victory in the men&#8217;s and women&#8217;s divisions. <strong><em>It was Kerkko Jarvi from Finland who claimed the top spot in men\u2019s epee.<\/em><\/strong> Ettore Leporati from Italy finished in second place, closely followed by Noam Duchene from France and Rayan Rami Rozpide from Spain, who shared the third-place rank. <\/p>\n\n\n\n<p><a href=\"https:\/\/www.eurofencing.info\/news\/thrills-in-efc-circuits-n490399.htm\">Thrills in EFC Circuits 12.12.2023<\/a><\/p>\n<\/div><\/div>\n\n\n\n<div class=\"wp-block-media-text has-media-on-the-right is-stacked-on-mobile\"><div class=\"wp-block-media-text__content\">\n<p>Suomen miekkailulupaus, Habda Helsingin Kerkko J\u00e4rvi, 17, voitti kaikki ottelunsa ja otti omansa eli kaksi Suomen mestaruutta viikonloppuna Joensuussa kalpamiekkailun nuorten SM-kisoissa.<br>Sanomalehti Karjalainen, 5.5.2024<\/p>\n<\/div><figure class=\"wp-block-media-text__media\"><img loading=\"lazy\" decoding=\"async\" width=\"1024\" height=\"683\" src=\"http:\/\/www.kerkkojarvi.fi\/wp-content\/uploads\/2024\/11\/Kerkko-Matti-Vassinen-1024x683.jpg\" alt=\"\" class=\"wp-image-6 size-full\" srcset=\"https:\/\/www.kerkkojarvi.fi\/wp-content\/uploads\/2024\/11\/Kerkko-Matti-Vassinen-1024x683.jpg 1024w, https:\/\/www.kerkkojarvi.fi\/wp-content\/uploads\/2024\/11\/Kerkko-Matti-Vassinen-300x200.jpg 300w, https:\/\/www.kerkkojarvi.fi\/wp-content\/uploads\/2024\/11\/Kerkko-Matti-Vassinen-768x512.jpg 768w, https:\/\/www.kerkkojarvi.fi\/wp-content\/uploads\/2024\/11\/Kerkko-Matti-Vassinen.jpg 1440w\" sizes=\"(max-width: 1024px) 100vw, 1024px\" \/><\/figure><\/div>\n","protected":false},"excerpt":{"rendered":"<p>&#8221;Kerkko J\u00e4rvi miekkaili tiistaina upeasti kuudenneksi U17 kalvassa Saudi Arabian Riadissa. Suomalainen voitti nelj\u00e4 ensimm\u00e4ist\u00e4 pudotusotteluaan ennen viimeisen piston tappiota puoliv\u00e4lier\u00e4ss\u00e4 yhdysvaltalaisvastustajalleen.&#8221; Kerkko J\u00e4rvi miekkaili upeasti MM-kuutokseksi In Krakow, Poland, the\u00a0 Cadet&#8217;s Circuit for epee witnessed intense battles in both individual and team events. The men&#8217;s epee individual category showcased exceptional talent, with Finland&#8217;s Jarvi &hellip; <\/p>\n","protected":false},"author":1,"featured_media":0,"parent":0,"menu_order":0,"comment_status":"closed","ping_status":"closed","template":"","meta":{"footnotes":""},"class_list":["post-371","page","type-page","status-publish","hentry"],"_links":{"self":[{"href":"https:\/\/www.kerkkojarvi.fi\/index.php\/wp-json\/wp\/v2\/pages\/371"}],"collection":[{"href":"https:\/\/www.kerkkojarvi.fi\/index.php\/wp-json\/wp\/v2\/pages"}],"about":[{"href":"https:\/\/www.kerkkojarvi.fi\/index.php\/wp-json\/wp\/v2\/types\/page"}],"author":[{"embeddable":true,"href":"https:\/\/www.kerkkojarvi.fi\/index.php\/wp-json\/wp\/v2\/users\/1"}],"replies":[{"embeddable":true,"href":"https:\/\/www.kerkkojarvi.fi\/index.php\/wp-json\/wp\/v2\/comments?post=371"}],"version-history":[{"count":7,"href":"https:\/\/www.kerkkojarvi.fi\/index.php\/wp-json\/wp\/v2\/pages\/371\/revisions"}],"predecessor-version":[{"id":408,"href":"https:\/\/www.kerkkojarvi.fi\/index.php\/wp-json\/wp\/v2\/pages\/371\/revisions\/408"}],"wp:attachment":[{"href":"https:\/\/www.kerkkojarvi.fi\/index.php\/wp-json\/wp\/v2\/media?parent=371"}],"curies":[{"name":"wp","href":"https:\/\/api.w.org\/{rel}","templated":true}]}}