{"id":3,"date":"2024-11-05T15:38:01","date_gmt":"2024-11-05T15:38:01","guid":{"rendered":"http:\/\/www.kerkkojarvi.fi\/?page_id=3"},"modified":"2026-01-28T20:24:20","modified_gmt":"2026-01-28T20:24:20","slug":"epee-fencer-kerkko-jarvi-finland","status":"publish","type":"page","link":"https:\/\/www.kerkkojarvi.fi\/","title":{"rendered":"Kerkko J\u00e4rvi \u00e9p\u00e9e fencer"},"content":{"rendered":"\t\t<div data-elementor-type=\"wp-page\" data-elementor-id=\"3\" class=\"elementor elementor-3\">\n\t\t\t\t<div class=\"elementor-element elementor-element-052b93b e-flex e-con-boxed e-con e-parent\" data-id=\"052b93b\" data-element_type=\"container\" data-e-type=\"container\">\n\t\t\t\t\t<div class=\"e-con-inner\">\n\t\t\t\t<div class=\"elementor-element elementor-element-5061937 elementor-widget elementor-widget-heading\" data-id=\"5061937\" data-element_type=\"widget\" data-e-type=\"widget\" data-widget_type=\"heading.default\">\n\t\t\t\t<div class=\"elementor-widget-container\">\n\t\t\t\t\t<h2 class=\"elementor-heading-title elementor-size-default\"><strong data-start=\"61\" data-end=\"145\">Repetition, pressure and purpose.<\/strong>\n<br><br>Fencing is more than a sport. <br>It\u2019s focus, courage, and the discipline to make the right decision in a split second. <br><br>On the piste, every bout is a lesson. <br>Every step forward is earned.<\/h2>\t\t\t\t<\/div>\n\t\t\t\t<\/div>\n\t\t\t\t\t<\/div>\n\t\t\t\t<\/div>\n\t\t<div class=\"elementor-element elementor-element-605055a e-flex e-con-boxed e-con e-parent\" data-id=\"605055a\" data-element_type=\"container\" data-e-type=\"container\">\n\t\t\t\t\t<div class=\"e-con-inner\">\n\t\t\t\t<div class=\"elementor-element elementor-element-b5898c4 elementor-view-default elementor-widget elementor-widget-icon\" data-id=\"b5898c4\" data-element_type=\"widget\" data-e-type=\"widget\" data-widget_type=\"icon.default\">\n\t\t\t\t<div class=\"elementor-widget-container\">\n\t\t\t\t\t\t\t<div class=\"elementor-icon-wrapper\">\n\t\t\t<a class=\"elementor-icon\" href=\"https:\/\/www.instagram.com\/kerkko_jarvi\/\">\n\t\t\t<svg aria-hidden=\"true\" class=\"e-font-icon-svg e-fab-instagram\" viewBox=\"0 0 448 512\" xmlns=\"http:\/\/www.w3.org\/2000\/svg\"><path d=\"M224.1 141c-63.6 0-114.9 51.3-114.9 114.9s51.3 114.9 114.9 114.9S339 319.5 339 255.9 287.7 141 224.1 141zm0 189.6c-41.1 0-74.7-33.5-74.7-74.7s33.5-74.7 74.7-74.7 74.7 33.5 74.7 74.7-33.6 74.7-74.7 74.7zm146.4-194.3c0 14.9-12 26.8-26.8 26.8-14.9 0-26.8-12-26.8-26.8s12-26.8 26.8-26.8 26.8 12 26.8 26.8zm76.1 27.2c-1.7-35.9-9.9-67.7-36.2-93.9-26.2-26.2-58-34.4-93.9-36.2-37-2.1-147.9-2.1-184.9 0-35.8 1.7-67.6 9.9-93.9 36.1s-34.4 58-36.2 93.9c-2.1 37-2.1 147.9 0 184.9 1.7 35.9 9.9 67.7 36.2 93.9s58 34.4 93.9 36.2c37 2.1 147.9 2.1 184.9 0 35.9-1.7 67.7-9.9 93.9-36.2 26.2-26.2 34.4-58 36.2-93.9 2.1-37 2.1-147.8 0-184.8zM398.8 388c-7.8 19.6-22.9 34.7-42.6 42.6-29.5 11.7-99.5 9-132.1 9s-102.7 2.6-132.1-9c-19.6-7.8-34.7-22.9-42.6-42.6-11.7-29.5-9-99.5-9-132.1s-2.6-102.7 9-132.1c7.8-19.6 22.9-34.7 42.6-42.6 29.5-11.7 99.5-9 132.1-9s102.7-2.6 132.1 9c19.6 7.8 34.7 22.9 42.6 42.6 11.7 29.5 9 99.5 9 132.1s2.7 102.7-9 132.1z\"><\/path><\/svg>\t\t\t<\/a>\n\t\t<\/div>\n\t\t\t\t\t\t<\/div>\n\t\t\t\t<\/div>\n\t\t\t\t\t<\/div>\n\t\t\t\t<\/div>\n\t\t<div class=\"elementor-element elementor-element-1118116d e-flex e-con-boxed e-con e-parent\" data-id=\"1118116d\" data-element_type=\"container\" data-e-type=\"container\">\n\t\t\t\t\t<div class=\"e-con-inner\">\n\t\t\t\t<div class=\"elementor-element elementor-element-22de3323 elementor-widget elementor-widget-text-editor\" data-id=\"22de3323\" data-element_type=\"widget\" data-e-type=\"widget\" data-widget_type=\"text-editor.default\">\n\t\t\t\t<div class=\"elementor-widget-container\">\n\t\t\t\t\t\t\t\t\t\n<p class=\"has-text-align-center\">Sponsored by<\/p>\n\n\n<div class=\"wp-block-image\">\n<figure class=\"aligncenter size-full\"><img fetchpriority=\"high\" decoding=\"async\" width=\"742\" height=\"168\" src=\"https:\/\/www.kerkkojarvi.fi\/wp-content\/uploads\/2025\/04\/Nayttokuva-2025-04-21-122350.png\" alt=\"\" class=\"wp-image-265\" srcset=\"https:\/\/www.kerkkojarvi.fi\/wp-content\/uploads\/2025\/04\/Nayttokuva-2025-04-21-122350.png 742w, https:\/\/www.kerkkojarvi.fi\/wp-content\/uploads\/2025\/04\/Nayttokuva-2025-04-21-122350-300x68.png 300w, https:\/\/www.kerkkojarvi.fi\/wp-content\/uploads\/2025\/04\/Nayttokuva-2025-04-21-122350-265x60.png 265w\" sizes=\"(max-width: 742px) 100vw, 742px\" \/><\/figure><\/div>\n\n\n<p><\/p>\n\t\t\t\t\t\t\t\t<\/div>\n\t\t\t\t<\/div>\n\t\t\t\t\t<\/div>\n\t\t\t\t<\/div>\n\t\t<div class=\"elementor-element elementor-element-161cd89 e-flex e-con-boxed e-con e-parent\" data-id=\"161cd89\" data-element_type=\"container\" data-e-type=\"container\">\n\t\t\t\t\t<div class=\"e-con-inner\">\n\t\t\t\t<div class=\"elementor-element elementor-element-099ddd2 elementor-widget elementor-widget-image\" data-id=\"099ddd2\" data-element_type=\"widget\" data-e-type=\"widget\" data-widget_type=\"image.default\">\n\t\t\t\t<div class=\"elementor-widget-container\">\n\t\t\t\t\t\t\t\t\t\t\t\t\t\t\t<img decoding=\"async\" width=\"300\" height=\"69\" src=\"https:\/\/www.kerkkojarvi.fi\/wp-content\/uploads\/2026\/01\/Protect_vaaka_rgb-300x69.png\" class=\"attachment-medium size-medium wp-image-419\" alt=\"\" srcset=\"https:\/\/www.kerkkojarvi.fi\/wp-content\/uploads\/2026\/01\/Protect_vaaka_rgb-300x69.png 300w, https:\/\/www.kerkkojarvi.fi\/wp-content\/uploads\/2026\/01\/Protect_vaaka_rgb-1024x237.png 1024w, https:\/\/www.kerkkojarvi.fi\/wp-content\/uploads\/2026\/01\/Protect_vaaka_rgb-768x178.png 768w, https:\/\/www.kerkkojarvi.fi\/wp-content\/uploads\/2026\/01\/Protect_vaaka_rgb-259x60.png 259w, https:\/\/www.kerkkojarvi.fi\/wp-content\/uploads\/2026\/01\/Protect_vaaka_rgb.png 1192w\" sizes=\"(max-width: 300px) 100vw, 300px\" \/>\t\t\t\t\t\t\t\t\t\t\t\t\t\t\t<\/div>\n\t\t\t\t<\/div>\n\t\t\t\t\t<\/div>\n\t\t\t\t<\/div>\n\t\t\t\t<\/div>\n\t\t","protected":false},"excerpt":{"rendered":"<p>Repetition, pressure and purpose. Fencing is more than a sport. It\u2019s focus, courage, and the discipline to make the right decision in a split second. On the piste, every bout is a lesson. Every step forward is earned. Sponsored by<\/p>\n","protected":false},"author":1,"featured_media":233,"parent":0,"menu_order":0,"comment_status":"closed","ping_status":"closed","template":"","meta":{"footnotes":""},"class_list":["post-3","page","type-page","status-publish","has-post-thumbnail","hentry"],"_links":{"self":[{"href":"https:\/\/www.kerkkojarvi.fi\/index.php\/wp-json\/wp\/v2\/pages\/3"}],"collection":[{"href":"https:\/\/www.kerkkojarvi.fi\/index.php\/wp-json\/wp\/v2\/pages"}],"about":[{"href":"https:\/\/www.kerkkojarvi.fi\/index.php\/wp-json\/wp\/v2\/types\/page"}],"author":[{"embeddable":true,"href":"https:\/\/www.kerkkojarvi.fi\/index.php\/wp-json\/wp\/v2\/users\/1"}],"replies":[{"embeddable":true,"href":"https:\/\/www.kerkkojarvi.fi\/index.php\/wp-json\/wp\/v2\/comments?post=3"}],"version-history":[{"count":85,"href":"https:\/\/www.kerkkojarvi.fi\/index.php\/wp-json\/wp\/v2\/pages\/3\/revisions"}],"predecessor-version":[{"id":489,"href":"https:\/\/www.kerkkojarvi.fi\/index.php\/wp-json\/wp\/v2\/pages\/3\/revisions\/489"}],"wp:featuredmedia":[{"embeddable":true,"href":"https:\/\/www.kerkkojarvi.fi\/index.php\/wp-json\/wp\/v2\/media\/233"}],"wp:attachment":[{"href":"https:\/\/www.kerkkojarvi.fi\/index.php\/wp-json\/wp\/v2\/media?parent=3"}],"curies":[{"name":"wp","href":"https:\/\/api.w.org\/{rel}","templated":true}]}}